{"id":18,"date":"2010-08-12T23:07:00","date_gmt":"2010-08-12T23:07:00","guid":{"rendered":"http:\/\/mahmag.org\/italiano\/"},"modified":"2010-10-09T17:46:15","modified_gmt":"2010-10-09T17:46:15","slug":"history","status":"publish","type":"page","link":"https:\/\/mahmag.org\/it\/about-us\/history\/","title":{"rendered":"MahMag Storia"},"content":{"rendered":"<p>MahMag Storia<br \/>\nLa dott. ssa Mahnaz Badihian, all\u2019epoca una dentista in attivit\u00e0, una poetessa e una madre, ha concepito l&#8217;idea di una rivista letteraria on-line in lingua persiana nel 1999 nel tentativo di collegare le culture del mondo. Il sito originale \u00e8 stato creato con l&#8217;ausilio tecnico del Dr. Ali Rezai, che era un esperto di computer prima che molti di noi hanno ascoltato la parola &#8216;computer&#8217; e che \u00e8 stato un medico e professore di medicina nucleare e di Radiologia presso l&#8217;Universit\u00e0 dello Iowa.<br \/>\nLa rivista online originale \u00e8 stata chiamata Rivista Mondiale della Poesia Web, \u0634\u0639\u0631\u062c\u0647\u0627\u0646 . Questo \u00e8 stato il primo magazine online persiano letterario. Il sito era ancora in via di miglioramento, ma \u00e8 andato subito on line. Purtroppo a causa della prematura scomparsa della madre della dott.ssa. Badihian, il sito ha subito una riduzione nel corso dei primi due anni di attivit\u00e0. Il sito originale pu\u00f2 essere per\u00f2 visualizzato ancora qui\u00a0<a href=\"http:\/\/www.mahmag.org\/wpw\/\" target=\"_blank\">http:\/\/www.mahmag.org\/wpw\/<\/a>.<br \/>\nDal momento della creazione del primo sito, MahMag si \u00e8 ampliato e modificato in risposta a lettori e all\u2019innovazione tecnologica, continuando a promuovere i valori iniziali scelti dalla dott.ssa. Badihian:<br \/>\n\u2022 L&#8217;apertura delle frontiere tra i popoli di tutte le culture e le lingue attraverso la proliferazione delle arti e delle scienze umane<br \/>\n\u2022 La libert\u00e0 dei singoli di esprimere la propria voce unica e le proprie prospettive<br \/>\n\u2022 Dare voce a scrittori emergenti, pensatori e artisti<br \/>\n\u2022 La letteratura come strumento di educazione<br \/>\nLa versione corrente di MahMag stata creata nel 2004 con le sezioni ampliate e linguaggi che includono ora inglese, italiano e spagnolo, in aggiunta alle versioni originali in persiano. MahMag \u00e8 considerata la pi\u00f9 grande rivista letteraria on-line sul tema della letteratura persiana con pi\u00f9 di 50.000 visitatori unici al mese. E\u2019 anche il sito letterario pi\u00f9 censurato in Iran, il che significa che gli iraniani sono ansiosi di leggere questo sito e siamo desiderosi di continuare ad aggiungere nuove ed interessanti presentazioni.<\/p>\n","protected":false},"excerpt":{"rendered":"<p>MahMag Storia La dott. ssa Mahnaz Badihian, all\u2019epoca una dentista in attivit\u00e0, una poetessa e una madre, ha concepito l&#8217;idea di una rivista letteraria on-line in lingua persiana nel 1999 nel tentativo di collegare le culture del mondo. Il sito originale \u00e8 stato creato con l&#8217;ausilio tecnico del Dr. Ali Rezai, che era un esperto <a href='https:\/\/mahmag.org\/it\/about-us\/history\/' class='excerpt-more'>[&#8230;]<\/a><\/p>\n","protected":false},"author":1,"featured_media":0,"parent":10,"menu_order":0,"comment_status":"open","ping_status":"open","template":"template-fullwidth.php","meta":{"footnotes":""},"aioseo_notices":[],"_links":{"self":[{"href":"https:\/\/mahmag.org\/it\/wp-json\/wp\/v2\/pages\/18"}],"collection":[{"href":"https:\/\/mahmag.org\/it\/wp-json\/wp\/v2\/pages"}],"about":[{"href":"https:\/\/mahmag.org\/it\/wp-json\/wp\/v2\/types\/page"}],"author":[{"embeddable":true,"href":"https:\/\/mahmag.org\/it\/wp-json\/wp\/v2\/users\/1"}],"replies":[{"embeddable":true,"href":"https:\/\/mahmag.org\/it\/wp-json\/wp\/v2\/comments?post=18"}],"version-history":[{"count":0,"href":"https:\/\/mahmag.org\/it\/wp-json\/wp\/v2\/pages\/18\/revisions"}],"up":[{"embeddable":true,"href":"https:\/\/mahmag.org\/it\/wp-json\/wp\/v2\/pages\/10"}],"wp:attachment":[{"href":"https:\/\/mahmag.org\/it\/wp-json\/wp\/v2\/media?parent=18"}],"curies":[{"name":"wp","href":"https:\/\/api.w.org\/{rel}","templated":true}]}}