{"id":47,"date":"2010-09-20T20:41:15","date_gmt":"2010-09-20T20:41:15","guid":{"rendered":"http:\/\/mahmag.org\/esp\/"},"modified":"2010-10-09T18:08:21","modified_gmt":"2010-10-09T18:08:21","slug":"admision-de-originales","status":"publish","type":"page","link":"https:\/\/mahmag.org\/esp\/contactenos\/admision-de-originales\/","title":{"rendered":"Admisi\u00f3n de Originales"},"content":{"rendered":"<p><strong><span style=\"text-decoration: underline;\">Admisi\u00f3n de Originales<\/span><\/strong><\/p>\n<p><strong>\u00bfQue tipo de obras se busca <\/strong><strong><em>MahMag<\/em><\/strong><strong><em>?<\/em><\/strong><strong><\/strong><\/p>\n<p><strong>MahMag acepta poes\u00eda, cuentos, art\u00edculos sobre la filosof\u00eda, traducciones, rese\u00f1as, arte y cualquier otra pieza original de su creaci\u00f3n, incluso piezas musicales.\u00a0 Debido a la cantidad grande de sumisiones no podemos ofrecerle cr\u00edtica a su obra.<\/strong><strong><\/strong><\/p>\n<p><strong>\u00bfAcepta <\/strong><strong><em>MahMag<\/em><\/strong><strong> piezas ya publicadas?<\/strong><br \/>\nS\u00ed, si <span style=\"text-decoration: underline;\">no<\/span> se ha publicado por internet.<\/p>\n<p><strong>\u00bfC\u00f3mo se pueden entregar sus obras a <\/strong><em>MahMag<\/em><strong> <\/strong><strong>?<\/strong><br \/>\nSe remitir\u00e1n todas las sumisiones a <a href=\"mailto:publisher@mahmag.org\">publisher@mahmag.org<\/a> . Por favor incluya una biograf\u00eda de tres a cinco oraciones junto con una imagen preferida en el formato jpg.\u00a0 Todas las sumisiones deben estar redactadas y finalizadas.<\/p>\n<p><strong>\u00bfQu\u00e9 tipos de archivos se pueden enviar?<\/strong><br \/>\nPor favor m\u00e1ndenos solamente los siguientes tipos de archivos:<\/p>\n<p>Archivos de Microsoft Word (.doc)<br \/>\nIm\u00e1genes en formato jpg (.jpg)<\/p>\n<p><strong>Admisi\u00f3n de poes\u00eda<\/strong>: Por favor m\u00e1ndenos entre 3 y 6 poemas, uno en cada p\u00e1gina.<\/p>\n<p><strong>Admisi\u00f3n de art\u00edculos y cuentos (rese\u00f1as, etc.)<\/strong>: No m\u00e1s de 4 p\u00e1ginas, espacio sencillo.<\/p>\n<p><strong>\u00bfCu\u00e1ndo se aceptan las sumisiones?<\/strong><br \/>\nAceptamos las sumisiones a trav\u00e9s del a\u00f1o entero.<\/p>\n<p><strong>\u00bfCu\u00e1ndo puedo esperar respuesta acerca de mi sumisi\u00f3n?<\/strong><br \/>\nSi escogemos su obra, se le avisar\u00e1 en el curso de seis semanas.<\/p>\n<p><strong>Tenga en cuenta: <\/strong>Todas las sumisiones son finales y no se devolver\u00e1n ni se retirar\u00e1n despu\u00e9s de ser publicadas.<\/p>\n","protected":false},"excerpt":{"rendered":"<p>Admisi\u00f3n de Originales \u00bfQue tipo de obras se busca MahMag? MahMag acepta poes\u00eda, cuentos, art\u00edculos sobre la filosof\u00eda, traducciones, rese\u00f1as, arte y cualquier otra pieza original de su creaci\u00f3n, incluso piezas musicales.\u00a0 Debido a la cantidad grande de sumisiones no podemos ofrecerle cr\u00edtica a su obra. \u00bfAcepta MahMag piezas ya publicadas? S\u00ed, si no se <a href='https:\/\/mahmag.org\/esp\/contactenos\/admision-de-originales\/' class='excerpt-more'>[&#8230;]<\/a><\/p>\n","protected":false},"author":1,"featured_media":0,"parent":5,"menu_order":0,"comment_status":"open","ping_status":"open","template":"template-fullwidth.php","meta":{"footnotes":""},"aioseo_notices":[],"_links":{"self":[{"href":"https:\/\/mahmag.org\/esp\/wp-json\/wp\/v2\/pages\/47"}],"collection":[{"href":"https:\/\/mahmag.org\/esp\/wp-json\/wp\/v2\/pages"}],"about":[{"href":"https:\/\/mahmag.org\/esp\/wp-json\/wp\/v2\/types\/page"}],"author":[{"embeddable":true,"href":"https:\/\/mahmag.org\/esp\/wp-json\/wp\/v2\/users\/1"}],"replies":[{"embeddable":true,"href":"https:\/\/mahmag.org\/esp\/wp-json\/wp\/v2\/comments?post=47"}],"version-history":[{"count":0,"href":"https:\/\/mahmag.org\/esp\/wp-json\/wp\/v2\/pages\/47\/revisions"}],"up":[{"embeddable":true,"href":"https:\/\/mahmag.org\/esp\/wp-json\/wp\/v2\/pages\/5"}],"wp:attachment":[{"href":"https:\/\/mahmag.org\/esp\/wp-json\/wp\/v2\/media?parent=47"}],"curies":[{"name":"wp","href":"https:\/\/api.w.org\/{rel}","templated":true}]}}