{"id":13,"date":"2010-08-18T19:24:05","date_gmt":"2010-08-18T19:24:05","guid":{"rendered":"http:\/\/mahmag.org\/espanol\/"},"modified":"2010-10-09T18:09:32","modified_gmt":"2010-10-09T18:09:32","slug":"history","status":"publish","type":"page","link":"https:\/\/mahmag.org\/esp\/sobre\/history\/","title":{"rendered":"Historia"},"content":{"rendered":"<p><strong>Historia de MahMag<\/strong><\/p>\n<p>Dr. Mahnaz Badihian, quien en aquella \u00e9poca fue dentista, poeta publicada y madre, concibi\u00f3 la idea de crear una revista electr\u00f3nica de la literatura persa en 1999 para conectar las culturas del mundo.\u00a0 El sitio original se cre\u00f3 con la ayuda t\u00e9cnica de Dr. Ali Rezai quien fue experto de computadoras antes de que la mayor\u00eda de nosotros hab\u00eda escuchado la palabra \u2018computadora\u2019.\u00a0 Adem\u00e1s, fue m\u00e9dico y profesor de radiolog\u00eda nuclear en la Universidad de Iowa.<\/p>\n<p>La revista original se llamaba <strong><em>World Poetry Web<\/em><\/strong>, <strong>\u202b<\/strong><strong>\u0634\u0639\u0631\u062c\u0647\u0627\u0646<\/strong> (Red de Poes\u00eda Mundial).\u00a0 Fue la primera revista el\u00e9ctronica literaria de la literatura persa.\u00a0 Aunque la revista a\u00fan requiri\u00f3 cambios se public\u00f3 inmediatamente.\u00a0 Desafortunadamente, por la muerte prematura de la madre de Dr. Badihian, la p\u00e1gina se disminuy\u00f3 durante los dos siguientes a\u00f1os.\u00a0 Se puede ver la p\u00e1gina original ac\u00e1: <a href=\"http:\/\/www.mahmag.org\/wpw\/\">http:\/\/www.mahmag.org\/wpw\/<\/a>.<\/p>\n<p>Desde la creaci\u00f3n del primer sitio, MahMag ha expandido y cambiado en respuesta a los lectores y la tecnolog\u00eda.\u00a0 MahMag sigue promoviendo los valores originales establecidos por Dr. Badihian:<\/p>\n<ul>\n<li>Fronteras abiertas entre todos los pueblos, culturas e idiomas del mundo a trav\u00e9s de la proliferaci\u00f3n de las artes y humanidades.<\/li>\n<li>Libertad para el individuo a expresar su voz distinta y sus perspectivas<\/li>\n<li>Dando una voz a los escritores, pensadores y artistas emergentes<\/li>\n<li>La literatura como un instrumento de la educaci\u00f3n<\/li>\n<\/ul>\n<p>La versi\u00f3n actual de MahMag se cre\u00f3 en 2004 con secciones expandidas e idiomas que ahora incluyen ingl\u00e9s, italiano y espa\u00f1ol adem\u00e1s del persa original.\u00a0 MahMag se considera la revista electr\u00f3nica literaria m\u00e1s grande acerca del tema de la literatura persa y recibe m\u00e1s de 50,000 visitas distintas mensuales.\u00a0 Tambi\u00e9n se considera <a href=\"http:\/\/www.prweb.com\/releases\/iran\/mahmag\/prweb3981554.htm\">el sitio literario<\/a> m\u00e1s censurado en todo Iran.\u00a0 Eso quiere decir que los iran\u00edes siempre est\u00e1n muy ansiosos por leer el sitio y que estamos ansiosos por seguir agregando contenido nuevo y emocionante.<\/p>\n","protected":false},"excerpt":{"rendered":"<p>Historia de MahMag Dr. Mahnaz Badihian, quien en aquella \u00e9poca fue dentista, poeta publicada y madre, concibi\u00f3 la idea de crear una revista electr\u00f3nica de la literatura persa en 1999 para conectar las culturas del mundo.\u00a0 El sitio original se cre\u00f3 con la ayuda t\u00e9cnica de Dr. Ali Rezai quien fue experto de computadoras antes <a href='https:\/\/mahmag.org\/esp\/sobre\/history\/' class='excerpt-more'>[&#8230;]<\/a><\/p>\n","protected":false},"author":1,"featured_media":0,"parent":11,"menu_order":0,"comment_status":"open","ping_status":"open","template":"template-fullwidth.php","meta":{"footnotes":""},"aioseo_notices":[],"_links":{"self":[{"href":"https:\/\/mahmag.org\/esp\/wp-json\/wp\/v2\/pages\/13"}],"collection":[{"href":"https:\/\/mahmag.org\/esp\/wp-json\/wp\/v2\/pages"}],"about":[{"href":"https:\/\/mahmag.org\/esp\/wp-json\/wp\/v2\/types\/page"}],"author":[{"embeddable":true,"href":"https:\/\/mahmag.org\/esp\/wp-json\/wp\/v2\/users\/1"}],"replies":[{"embeddable":true,"href":"https:\/\/mahmag.org\/esp\/wp-json\/wp\/v2\/comments?post=13"}],"version-history":[{"count":0,"href":"https:\/\/mahmag.org\/esp\/wp-json\/wp\/v2\/pages\/13\/revisions"}],"up":[{"embeddable":true,"href":"https:\/\/mahmag.org\/esp\/wp-json\/wp\/v2\/pages\/11"}],"wp:attachment":[{"href":"https:\/\/mahmag.org\/esp\/wp-json\/wp\/v2\/media?parent=13"}],"curies":[{"name":"wp","href":"https:\/\/api.w.org\/{rel}","templated":true}]}}