{"id":11,"date":"2010-08-18T19:23:46","date_gmt":"2010-08-18T19:23:46","guid":{"rendered":"http:\/\/mahmag.org\/espanol\/"},"modified":"2010-10-09T18:08:54","modified_gmt":"2010-10-09T18:08:54","slug":"sobre","status":"publish","type":"page","link":"https:\/\/mahmag.org\/esp\/sobre\/","title":{"rendered":"Sobre MahMag"},"content":{"rendered":"<div>\n<p><strong>Declaraci\u00f3n de la Misi\u00f3n<\/strong><\/p>\n<p>MahMag se esfuerza por abrir las fronteras entre los pueblos de todos los idiomas y culturas a trav\u00e9s de la proliferaci\u00f3n de las artes y la literatura.\u00a0 Animamos a todos los escritores y artistas establecidos y emergentes por ofrecer una plataforma visible para el reconocimiento internacional de sus contribuciones creativas.\u00a0 MahMag se compromete a la libertad de los individuos de expresar sus voces y perspectivas distintas y ser escuchado por un p\u00fablico diverso.<\/p>\n<p><strong><a href=\"http:\/\/www.mahmag.org\/Oba.htm\">Dr. Mahnaz Badihian<\/a><\/strong> &#8211; Editor-in-Chief<\/p>\n<p><strong>Dr. Ali Rezai<\/strong> &#8211; Webmaster<\/p>\n<p><strong>Pirooz Ebrahimi<\/strong> &#8211; Editor &#8211; Italian<\/p>\n<p><strong>Cristina Contilli<\/strong> &#8211; Editor &#8211; Italian<\/p>\n<p><strong>Mahvand Sadeghi<\/strong> &#8211; MahMag, Inc. Director<\/p>\n<p><strong>Andr\u00e9s Alfaro<\/strong> &#8211; Editor-Spanish<\/p>\n<p><strong>Azadeh Davachi<\/strong> &#8211; Reviews Editor-Persian<\/p>\n<p><strong>Soroush Alizadeh<\/strong>&#8211; Short Story Editor-Persian<\/p>\n<p><strong>Yadollah Moughen<\/strong> &#8211; Philosophy Editor-Persian<\/p>\n<p><strong>Hamzeh Kuti<\/strong> &#8211; Editor &#8211; Arabic Section<\/p>\n<p><strong>Jason Vargas<\/strong> &#8211; Site Creator<\/p>\n<p><strong>*All opinions expressed on this site are those of the authors and not necessarily reflect those of MahMag, Inc.<\/strong><\/p>\n<\/div>\n","protected":false},"excerpt":{"rendered":"<p>Declaraci\u00f3n de la Misi\u00f3n MahMag se esfuerza por abrir las fronteras entre los pueblos de todos los idiomas y culturas a trav\u00e9s de la proliferaci\u00f3n de las artes y la literatura.\u00a0 Animamos a todos los escritores y artistas establecidos y emergentes por ofrecer una plataforma visible para el reconocimiento internacional de sus contribuciones creativas.\u00a0 MahMag <a href='https:\/\/mahmag.org\/esp\/sobre\/' class='excerpt-more'>[&#8230;]<\/a><\/p>\n","protected":false},"author":1,"featured_media":0,"parent":0,"menu_order":0,"comment_status":"open","ping_status":"open","template":"template-fullwidth.php","meta":{"footnotes":""},"aioseo_notices":[],"_links":{"self":[{"href":"https:\/\/mahmag.org\/esp\/wp-json\/wp\/v2\/pages\/11"}],"collection":[{"href":"https:\/\/mahmag.org\/esp\/wp-json\/wp\/v2\/pages"}],"about":[{"href":"https:\/\/mahmag.org\/esp\/wp-json\/wp\/v2\/types\/page"}],"author":[{"embeddable":true,"href":"https:\/\/mahmag.org\/esp\/wp-json\/wp\/v2\/users\/1"}],"replies":[{"embeddable":true,"href":"https:\/\/mahmag.org\/esp\/wp-json\/wp\/v2\/comments?post=11"}],"version-history":[{"count":0,"href":"https:\/\/mahmag.org\/esp\/wp-json\/wp\/v2\/pages\/11\/revisions"}],"wp:attachment":[{"href":"https:\/\/mahmag.org\/esp\/wp-json\/wp\/v2\/media?parent=11"}],"curies":[{"name":"wp","href":"https:\/\/api.w.org\/{rel}","templated":true}]}}